{"id":2216,"date":"2022-03-07T10:18:42","date_gmt":"2022-03-07T09:18:42","guid":{"rendered":"https:\/\/sss.trnava.sk\/wp\/?page_id=2216"},"modified":"2026-03-23T10:10:06","modified_gmt":"2026-03-23T09:10:06","slug":"jedalne-pre-seniorov","status":"publish","type":"page","link":"https:\/\/sss.trnava.sk\/wp\/jedalne-pre-seniorov\/","title":{"rendered":"Jed\u00e1lne pre seniorov v Trnave"},"content":{"rendered":"\n<figure class=\"wp-block-image size-large\"><a href=\"https:\/\/sss.trnava.sk\/wp\/wp-content\/uploads\/2022\/04\/Clemntis1-1.jpg\"><img loading=\"lazy\" decoding=\"async\" width=\"1024\" height=\"768\" src=\"https:\/\/sss.trnava.sk\/wp\/wp-content\/uploads\/2022\/04\/Clemntis1-1-1024x768.jpg\" alt=\"\" class=\"wp-image-2828\" srcset=\"https:\/\/sss.trnava.sk\/wp\/wp-content\/uploads\/2022\/04\/Clemntis1-1-1024x768.jpg 1024w, https:\/\/sss.trnava.sk\/wp\/wp-content\/uploads\/2022\/04\/Clemntis1-1-300x225.jpg 300w, https:\/\/sss.trnava.sk\/wp\/wp-content\/uploads\/2022\/04\/Clemntis1-1-768x576.jpg 768w, https:\/\/sss.trnava.sk\/wp\/wp-content\/uploads\/2022\/04\/Clemntis1-1-1536x1152.jpg 1536w, https:\/\/sss.trnava.sk\/wp\/wp-content\/uploads\/2022\/04\/Clemntis1-1.jpg 1920w\" sizes=\"auto, (max-width: 1024px) 100vw, 1024px\" \/><\/a><\/figure>\n\n\n<div class=\"wp-block-image\">\n<figure class=\"aligncenter size-large\"><a href=\"https:\/\/sss.trnava.sk\/wp\/wp-content\/uploads\/2022\/04\/Clementis.jpg\"><img loading=\"lazy\" decoding=\"async\" width=\"1024\" height=\"768\" src=\"https:\/\/sss.trnava.sk\/wp\/wp-content\/uploads\/2022\/04\/Clementis-1024x768.jpg\" alt=\"\" class=\"wp-image-2829\" srcset=\"https:\/\/sss.trnava.sk\/wp\/wp-content\/uploads\/2022\/04\/Clementis-1024x768.jpg 1024w, https:\/\/sss.trnava.sk\/wp\/wp-content\/uploads\/2022\/04\/Clementis-300x225.jpg 300w, https:\/\/sss.trnava.sk\/wp\/wp-content\/uploads\/2022\/04\/Clementis-768x576.jpg 768w, https:\/\/sss.trnava.sk\/wp\/wp-content\/uploads\/2022\/04\/Clementis-1536x1152.jpg 1536w, https:\/\/sss.trnava.sk\/wp\/wp-content\/uploads\/2022\/04\/Clementis.jpg 1920w\" sizes=\"auto, (max-width: 1024px) 100vw, 1024px\" \/><\/a><figcaption class=\"wp-element-caption\"><span style=\"background-color:rgba(0, 0, 0, 0)\" class=\"has-inline-color has-vivid-cyan-blue-color\">Inetri\u00e9r<\/span><\/figcaption><\/figure>\n<\/div>\n\n\n<h3 class=\"wp-block-heading has-vivid-cyan-blue-color has-text-color has-medium-font-size\"><\/h3>\n\n\n\n<p class=\"has-pale-cyan-blue-background-color has-background has-medium-font-size\">Seniori s&nbsp;trval\u00fdm pobytom na \u00fazem\u00ed mesta Trnava, ktor\u00ed maj\u00fa platn\u00e9 rozhodnutie soci\u00e1lnej pois\u0165ovne o&nbsp;starobnom alebo pred\u010dasnom starobnom d\u00f4chodku maj\u00fa mo\u017enos\u0165 sa stravova\u0165 prostredn\u00edctvom soci\u00e1lnej slu\u017eby v &nbsp;\u0161iestich&nbsp; jed\u00e1l\u0148ach a&nbsp;to: na Vl. Clementisa 51, Beethovenova 20, Hospod\u00e1rska 35, Limbov\u00e1 11,\u013dudov\u00e1 14 Trnava.<\/p>\n\n\n\n<p class=\"has-vivid-red-color has-text-color\"><\/p>\n\n\n\n<pre class=\"wp-block-preformatted\"><\/pre>\n\n\n\n<figure class=\"wp-block-image size-large\"><a href=\"https:\/\/sss.trnava.sk\/wp\/wp-content\/uploads\/2026\/03\/Jedalny-listok-od-23.03.-do-29.03.2026.jpg\"><img loading=\"lazy\" decoding=\"async\" width=\"724\" height=\"1024\" src=\"https:\/\/sss.trnava.sk\/wp\/wp-content\/uploads\/2026\/03\/Jedalny-listok-od-23.03.-do-29.03.2026-724x1024.jpg\" alt=\"\" class=\"wp-image-5570\" srcset=\"https:\/\/sss.trnava.sk\/wp\/wp-content\/uploads\/2026\/03\/Jedalny-listok-od-23.03.-do-29.03.2026-724x1024.jpg 724w, https:\/\/sss.trnava.sk\/wp\/wp-content\/uploads\/2026\/03\/Jedalny-listok-od-23.03.-do-29.03.2026-212x300.jpg 212w, https:\/\/sss.trnava.sk\/wp\/wp-content\/uploads\/2026\/03\/Jedalny-listok-od-23.03.-do-29.03.2026-768x1086.jpg 768w, https:\/\/sss.trnava.sk\/wp\/wp-content\/uploads\/2026\/03\/Jedalny-listok-od-23.03.-do-29.03.2026-1086x1536.jpg 1086w, https:\/\/sss.trnava.sk\/wp\/wp-content\/uploads\/2026\/03\/Jedalny-listok-od-23.03.-do-29.03.2026-1448x2048.jpg 1448w, https:\/\/sss.trnava.sk\/wp\/wp-content\/uploads\/2026\/03\/Jedalny-listok-od-23.03.-do-29.03.2026.jpg 1654w\" sizes=\"auto, (max-width: 724px) 100vw, 724px\" \/><\/a><\/figure>\n\n\n\n<figure class=\"wp-block-image size-full is-resized\"><a href=\"https:\/\/sss.trnava.sk\/wp\/wp-content\/uploads\/2026\/01\/cena-listkov-2026-1-1.jpg\"><img loading=\"lazy\" decoding=\"async\" width=\"720\" height=\"688\" src=\"https:\/\/sss.trnava.sk\/wp\/wp-content\/uploads\/2026\/01\/cena-listkov-2026-1-1.jpg\" alt=\"\" class=\"wp-image-5541\" style=\"aspect-ratio:0.7070369736059788;width:542px;height:auto\" srcset=\"https:\/\/sss.trnava.sk\/wp\/wp-content\/uploads\/2026\/01\/cena-listkov-2026-1-1.jpg 720w, https:\/\/sss.trnava.sk\/wp\/wp-content\/uploads\/2026\/01\/cena-listkov-2026-1-1-300x287.jpg 300w\" sizes=\"auto, (max-width: 720px) 100vw, 720px\" \/><\/a><\/figure>\n\n\n\n<figure class=\"wp-block-image size-large\"><a href=\"https:\/\/sss.trnava.sk\/wp\/wp-content\/uploads\/2026\/01\/Plagat-obedy2026-2.jpg\"><img loading=\"lazy\" decoding=\"async\" width=\"1024\" height=\"724\" src=\"https:\/\/sss.trnava.sk\/wp\/wp-content\/uploads\/2026\/01\/Plagat-obedy2026-2-1024x724.jpg\" alt=\"\" class=\"wp-image-5532\" srcset=\"https:\/\/sss.trnava.sk\/wp\/wp-content\/uploads\/2026\/01\/Plagat-obedy2026-2-1024x724.jpg 1024w, https:\/\/sss.trnava.sk\/wp\/wp-content\/uploads\/2026\/01\/Plagat-obedy2026-2-300x212.jpg 300w, https:\/\/sss.trnava.sk\/wp\/wp-content\/uploads\/2026\/01\/Plagat-obedy2026-2-768x543.jpg 768w, https:\/\/sss.trnava.sk\/wp\/wp-content\/uploads\/2026\/01\/Plagat-obedy2026-2.jpg 1123w\" sizes=\"auto, (max-width: 1024px) 100vw, 1024px\" \/><\/a><\/figure>\n","protected":false},"excerpt":{"rendered":"<p>Seniori s&nbsp;trval\u00fdm pobytom na \u00fazem\u00ed mesta Trnava, ktor\u00ed maj\u00fa platn\u00e9 rozhodnutie soci\u00e1lnej pois\u0165ovne o&nbsp;starobnom alebo pred\u010dasnom starobnom d\u00f4chodku maj\u00fa mo\u017enos\u0165 sa stravova\u0165 prostredn\u00edctvom soci\u00e1lnej slu\u017eby v &nbsp;\u0161iestich&nbsp; jed\u00e1l\u0148ach a&nbsp;to: na Vl. Clementisa 51, Beethovenova 20, Hospod\u00e1rska 35, Limbov\u00e1 11,\u013dudov\u00e1 14 &hellip; <a href=\"https:\/\/sss.trnava.sk\/wp\/jedalne-pre-seniorov\/\">Pokra\u010dova\u0165 v \u010d\u00edtan\u00ed <span class=\"meta-nav\">&rarr;<\/span><\/a><\/p>\n","protected":false},"author":13,"featured_media":0,"parent":0,"menu_order":0,"comment_status":"closed","ping_status":"closed","template":"","meta":{"footnotes":""},"class_list":["post-2216","page","type-page","status-publish","hentry"],"_links":{"self":[{"href":"https:\/\/sss.trnava.sk\/wp\/wp-json\/wp\/v2\/pages\/2216","targetHints":{"allow":["GET"]}}],"collection":[{"href":"https:\/\/sss.trnava.sk\/wp\/wp-json\/wp\/v2\/pages"}],"about":[{"href":"https:\/\/sss.trnava.sk\/wp\/wp-json\/wp\/v2\/types\/page"}],"author":[{"embeddable":true,"href":"https:\/\/sss.trnava.sk\/wp\/wp-json\/wp\/v2\/users\/13"}],"replies":[{"embeddable":true,"href":"https:\/\/sss.trnava.sk\/wp\/wp-json\/wp\/v2\/comments?post=2216"}],"version-history":[{"count":142,"href":"https:\/\/sss.trnava.sk\/wp\/wp-json\/wp\/v2\/pages\/2216\/revisions"}],"predecessor-version":[{"id":5571,"href":"https:\/\/sss.trnava.sk\/wp\/wp-json\/wp\/v2\/pages\/2216\/revisions\/5571"}],"wp:attachment":[{"href":"https:\/\/sss.trnava.sk\/wp\/wp-json\/wp\/v2\/media?parent=2216"}],"curies":[{"name":"wp","href":"https:\/\/api.w.org\/{rel}","templated":true}]}}