{"id":2692,"date":"2022-03-23T09:53:47","date_gmt":"2022-03-23T08:53:47","guid":{"rendered":"https:\/\/sss.trnava.sk\/wp\/?page_id=2692"},"modified":"2025-08-21T06:58:07","modified_gmt":"2025-08-21T05:58:07","slug":"dc-vl-clementisa-51","status":"publish","type":"page","link":"https:\/\/sss.trnava.sk\/wp\/dc-vl-clementisa-51\/","title":{"rendered":"DC VL.Clementisa 51"},"content":{"rendered":"\n<ul class=\"wp-block-list has-pale-cyan-blue-background-color has-background has-medium-font-size\">\n<li>DC Vl.Clementisa 51, 917 01 Trnava, predseda Ter\u00e9zia Katonov\u00e1<\/li>\n<\/ul>\n\n\n\n<p class=\"has-medium-font-size\"><\/p>\n\n\n\n<p> <a href=\"mailto:dc.clementisa@gmail.com\">dc.clementisa@gmail.com<\/a> <\/p>\n\n\n\n<p class=\"has-medium-font-size\">N\u00e1\u0161 klub DC sa nach\u00e1dza na s\u00eddlisku Dru\u017eba, v&nbsp;budove&nbsp; &nbsp;malometr\u00e1\u017en\u00fdch&nbsp; &nbsp;bytov. V&nbsp;klube sa stret\u00e1vame dva kr\u00e1t v&nbsp;t\u00fd\u017edni, v\u017edy v&nbsp;utorok a&nbsp;\u0161tvrtok.<\/p>\n\n\n\n<p class=\"has-medium-font-size\">Od 01.05. do 30.09. od 17 do 19 hodiny.<\/p>\n\n\n\n<p class=\"has-medium-font-size\">Od 01.10. do 30.04. od 16 do 18 hodiny.<\/p>\n\n\n\n<p class=\"has-medium-font-size\">V&nbsp;klube hr\u00e1me spolo\u010densk\u00e9 hry napr. karty, \u010dlove\u010de nehnevaj sa, \u0161achy. Posed\u00edme si pri k\u00e1ve, \u010daji&nbsp; a&nbsp;niekedy i&nbsp;pri poh\u00e1riku v\u00edna. porozpr\u00e1vame sa, po\u010d\u00favame hudbu aj si zatancujeme.<\/p>\n\n\n\n<p class=\"has-medium-font-size\">Organizujeme posedenia pri r\u00f4znych pr\u00edle\u017eitostiach<\/p>\n\n\n\n<p class=\"has-medium-font-size\">Chod\u00edme na pozn\u00e1vacie v\u00fdlety, oddychov\u00e9 pobyty, rekrea\u010dn\u00e9 prech\u00e1dzky.<\/p>\n\n\n\n<p class=\"has-medium-font-size\">Takto utu\u017eujeme priate\u013estv\u00e1.<\/p>\n\n\n\n<p><\/p>\n\n\n\n<p><\/p>\n\n\n\n<p class=\"has-vivid-cyan-blue-color has-text-color has-medium-font-size\"><strong>Program DC Vl. Clementisa 51 TRNAVA<\/strong><\/p>\n\n\n\n<p class=\"has-vivid-cyan-blue-color has-text-color has-medium-font-size\">&nbsp;&nbsp;&nbsp;&nbsp;&nbsp;&nbsp;&nbsp;&nbsp;&nbsp;&nbsp;<\/p>\n\n\n\n<p class=\"has-medium-font-size\"><\/p>\n\n\n\n<p class=\"has-medium-font-size\"><\/p>\n\n\n\n<p class=\"has-medium-font-size\"><\/p>\n\n\n\n<p class=\"has-medium-font-size\"><\/p>\n\n\n\n<p class=\"has-medium-font-size\"><\/p>\n\n\n\n<p class=\"has-medium-font-size\"><\/p>\n\n\n\n<p class=\"has-medium-font-size\"><\/p>\n\n\n\n<p class=\"has-medium-font-size\"><\/p>\n\n\n\n<figure class=\"wp-block-image size-large\"><a href=\"https:\/\/sss.trnava.sk\/wp\/wp-content\/uploads\/2022\/03\/IMG_20220325_095433.jpg\"><img loading=\"lazy\" decoding=\"async\" width=\"1024\" height=\"768\" src=\"https:\/\/sss.trnava.sk\/wp\/wp-content\/uploads\/2022\/03\/IMG_20220325_095433-1024x768.jpg\" alt=\"\" class=\"wp-image-2765\" srcset=\"https:\/\/sss.trnava.sk\/wp\/wp-content\/uploads\/2022\/03\/IMG_20220325_095433-1024x768.jpg 1024w, https:\/\/sss.trnava.sk\/wp\/wp-content\/uploads\/2022\/03\/IMG_20220325_095433-300x225.jpg 300w, https:\/\/sss.trnava.sk\/wp\/wp-content\/uploads\/2022\/03\/IMG_20220325_095433-768x576.jpg 768w, https:\/\/sss.trnava.sk\/wp\/wp-content\/uploads\/2022\/03\/IMG_20220325_095433-1536x1152.jpg 1536w, https:\/\/sss.trnava.sk\/wp\/wp-content\/uploads\/2022\/03\/IMG_20220325_095433.jpg 1920w\" sizes=\"auto, (max-width: 1024px) 100vw, 1024px\" \/><\/a><\/figure>\n\n\n<div class=\"wp-block-image\">\n<figure class=\"aligncenter size-full\"><a href=\"https:\/\/sss.trnava.sk\/wp\/wp-content\/uploads\/2022\/05\/obrazok.jpg\"><img loading=\"lazy\" decoding=\"async\" width=\"605\" height=\"340\" src=\"https:\/\/sss.trnava.sk\/wp\/wp-content\/uploads\/2022\/05\/obrazok.jpg\" alt=\"\" class=\"wp-image-2859\" srcset=\"https:\/\/sss.trnava.sk\/wp\/wp-content\/uploads\/2022\/05\/obrazok.jpg 605w, https:\/\/sss.trnava.sk\/wp\/wp-content\/uploads\/2022\/05\/obrazok-300x169.jpg 300w\" sizes=\"auto, (max-width: 605px) 100vw, 605px\" \/><\/a><\/figure>\n<\/div>\n\n\n<h2 class=\"wp-block-heading has-text-align-center\"> Pozn\u00e1vac\u00ed v\u00fdlet \u010dlenov denn\u00e9ho centra do Kremnice a okolia. <\/h2>\n\n\n<div class=\"wp-block-image\">\n<figure class=\"aligncenter size-large\"><a href=\"https:\/\/sss.trnava.sk\/wp\/wp-content\/uploads\/2023\/06\/IMG-20230531-WA0001.jpg\"><img loading=\"lazy\" decoding=\"async\" width=\"576\" height=\"1024\" src=\"https:\/\/sss.trnava.sk\/wp\/wp-content\/uploads\/2023\/06\/IMG-20230531-WA0001-576x1024.jpg\" alt=\"\" class=\"wp-image-3336\" srcset=\"https:\/\/sss.trnava.sk\/wp\/wp-content\/uploads\/2023\/06\/IMG-20230531-WA0001-576x1024.jpg 576w, https:\/\/sss.trnava.sk\/wp\/wp-content\/uploads\/2023\/06\/IMG-20230531-WA0001-169x300.jpg 169w, https:\/\/sss.trnava.sk\/wp\/wp-content\/uploads\/2023\/06\/IMG-20230531-WA0001-768x1365.jpg 768w, https:\/\/sss.trnava.sk\/wp\/wp-content\/uploads\/2023\/06\/IMG-20230531-WA0001-864x1536.jpg 864w, https:\/\/sss.trnava.sk\/wp\/wp-content\/uploads\/2023\/06\/IMG-20230531-WA0001.jpg 1125w\" sizes=\"auto, (max-width: 576px) 100vw, 576px\" \/><\/a><figcaption class=\"wp-element-caption\">.<\/figcaption><\/figure>\n<\/div>\n\n\n<p class=\"has-text-align-center has-medium-font-size\"><strong>V\u00fdlet do Vysok\u00fdch tatier<\/strong><\/p>\n\n\n<div class=\"wp-block-image\">\n<figure class=\"aligncenter size-large\"><a href=\"https:\/\/sss.trnava.sk\/wp\/wp-content\/uploads\/2023\/06\/received_620085580089489.jpeg\"><img loading=\"lazy\" decoding=\"async\" width=\"1024\" height=\"576\" src=\"https:\/\/sss.trnava.sk\/wp\/wp-content\/uploads\/2023\/06\/received_620085580089489-1024x576.jpeg\" alt=\"\" class=\"wp-image-3361\" srcset=\"https:\/\/sss.trnava.sk\/wp\/wp-content\/uploads\/2023\/06\/received_620085580089489-1024x576.jpeg 1024w, https:\/\/sss.trnava.sk\/wp\/wp-content\/uploads\/2023\/06\/received_620085580089489-300x169.jpeg 300w, https:\/\/sss.trnava.sk\/wp\/wp-content\/uploads\/2023\/06\/received_620085580089489-768x432.jpeg 768w, https:\/\/sss.trnava.sk\/wp\/wp-content\/uploads\/2023\/06\/received_620085580089489-1536x864.jpeg 1536w, https:\/\/sss.trnava.sk\/wp\/wp-content\/uploads\/2023\/06\/received_620085580089489.jpeg 2048w\" sizes=\"auto, (max-width: 1024px) 100vw, 1024px\" \/><\/a><\/figure>\n<\/div>\n\n<div class=\"wp-block-image\">\n<figure class=\"aligncenter size-large\"><a href=\"https:\/\/sss.trnava.sk\/wp\/wp-content\/uploads\/2023\/06\/received_940152897068645.jpeg\"><img loading=\"lazy\" decoding=\"async\" width=\"576\" height=\"1024\" src=\"https:\/\/sss.trnava.sk\/wp\/wp-content\/uploads\/2023\/06\/received_940152897068645-576x1024.jpeg\" alt=\"\" class=\"wp-image-3362\" srcset=\"https:\/\/sss.trnava.sk\/wp\/wp-content\/uploads\/2023\/06\/received_940152897068645-576x1024.jpeg 576w, https:\/\/sss.trnava.sk\/wp\/wp-content\/uploads\/2023\/06\/received_940152897068645-169x300.jpeg 169w, https:\/\/sss.trnava.sk\/wp\/wp-content\/uploads\/2023\/06\/received_940152897068645-768x1365.jpeg 768w, https:\/\/sss.trnava.sk\/wp\/wp-content\/uploads\/2023\/06\/received_940152897068645-864x1536.jpeg 864w, https:\/\/sss.trnava.sk\/wp\/wp-content\/uploads\/2023\/06\/received_940152897068645.jpeg 1152w\" sizes=\"auto, (max-width: 576px) 100vw, 576px\" \/><\/a><\/figure>\n<\/div>\n\n<div class=\"wp-block-image\">\n<figure class=\"aligncenter size-large\"><a href=\"https:\/\/sss.trnava.sk\/wp\/wp-content\/uploads\/2023\/06\/received_1877738545929481.jpeg\"><img loading=\"lazy\" decoding=\"async\" width=\"576\" height=\"1024\" src=\"https:\/\/sss.trnava.sk\/wp\/wp-content\/uploads\/2023\/06\/received_1877738545929481-576x1024.jpeg\" alt=\"\" class=\"wp-image-3363\" srcset=\"https:\/\/sss.trnava.sk\/wp\/wp-content\/uploads\/2023\/06\/received_1877738545929481-576x1024.jpeg 576w, https:\/\/sss.trnava.sk\/wp\/wp-content\/uploads\/2023\/06\/received_1877738545929481-169x300.jpeg 169w, https:\/\/sss.trnava.sk\/wp\/wp-content\/uploads\/2023\/06\/received_1877738545929481-768x1365.jpeg 768w, https:\/\/sss.trnava.sk\/wp\/wp-content\/uploads\/2023\/06\/received_1877738545929481-864x1536.jpeg 864w, https:\/\/sss.trnava.sk\/wp\/wp-content\/uploads\/2023\/06\/received_1877738545929481.jpeg 1152w\" sizes=\"auto, (max-width: 576px) 100vw, 576px\" \/><\/a><\/figure>\n<\/div>\n\n\n<figure class=\"wp-block-image size-large\"><a href=\"https:\/\/sss.trnava.sk\/wp\/wp-content\/uploads\/2025\/08\/DC-Clementisa-c.1-scaled.jpg\"><img loading=\"lazy\" decoding=\"async\" width=\"1024\" height=\"768\" src=\"https:\/\/sss.trnava.sk\/wp\/wp-content\/uploads\/2025\/08\/DC-Clementisa-c.1-1024x768.jpg\" alt=\"\" class=\"wp-image-5478\" srcset=\"https:\/\/sss.trnava.sk\/wp\/wp-content\/uploads\/2025\/08\/DC-Clementisa-c.1-1024x768.jpg 1024w, https:\/\/sss.trnava.sk\/wp\/wp-content\/uploads\/2025\/08\/DC-Clementisa-c.1-300x225.jpg 300w, https:\/\/sss.trnava.sk\/wp\/wp-content\/uploads\/2025\/08\/DC-Clementisa-c.1-768x576.jpg 768w, https:\/\/sss.trnava.sk\/wp\/wp-content\/uploads\/2025\/08\/DC-Clementisa-c.1-1536x1152.jpg 1536w, https:\/\/sss.trnava.sk\/wp\/wp-content\/uploads\/2025\/08\/DC-Clementisa-c.1-2048x1536.jpg 2048w\" sizes=\"auto, (max-width: 1024px) 100vw, 1024px\" \/><\/a><\/figure>\n\n\n\n<figure class=\"wp-block-image size-large\"><a href=\"https:\/\/sss.trnava.sk\/wp\/wp-content\/uploads\/2025\/08\/DC-Clementisa-c.2-scaled.jpg\"><img loading=\"lazy\" decoding=\"async\" width=\"1024\" height=\"768\" src=\"https:\/\/sss.trnava.sk\/wp\/wp-content\/uploads\/2025\/08\/DC-Clementisa-c.2-1024x768.jpg\" alt=\"\" class=\"wp-image-5479\" srcset=\"https:\/\/sss.trnava.sk\/wp\/wp-content\/uploads\/2025\/08\/DC-Clementisa-c.2-1024x768.jpg 1024w, https:\/\/sss.trnava.sk\/wp\/wp-content\/uploads\/2025\/08\/DC-Clementisa-c.2-300x225.jpg 300w, https:\/\/sss.trnava.sk\/wp\/wp-content\/uploads\/2025\/08\/DC-Clementisa-c.2-768x576.jpg 768w, https:\/\/sss.trnava.sk\/wp\/wp-content\/uploads\/2025\/08\/DC-Clementisa-c.2-1536x1152.jpg 1536w, https:\/\/sss.trnava.sk\/wp\/wp-content\/uploads\/2025\/08\/DC-Clementisa-c.2-2048x1536.jpg 2048w\" sizes=\"auto, (max-width: 1024px) 100vw, 1024px\" \/><\/a><\/figure>\n\n\n\n<figure class=\"wp-block-image size-large\"><a href=\"https:\/\/sss.trnava.sk\/wp\/wp-content\/uploads\/2025\/08\/DC-Clementisa-c.3-scaled.jpg\"><img loading=\"lazy\" decoding=\"async\" width=\"1024\" height=\"768\" src=\"https:\/\/sss.trnava.sk\/wp\/wp-content\/uploads\/2025\/08\/DC-Clementisa-c.3-1024x768.jpg\" alt=\"\" class=\"wp-image-5480\" srcset=\"https:\/\/sss.trnava.sk\/wp\/wp-content\/uploads\/2025\/08\/DC-Clementisa-c.3-1024x768.jpg 1024w, https:\/\/sss.trnava.sk\/wp\/wp-content\/uploads\/2025\/08\/DC-Clementisa-c.3-300x225.jpg 300w, https:\/\/sss.trnava.sk\/wp\/wp-content\/uploads\/2025\/08\/DC-Clementisa-c.3-768x576.jpg 768w, https:\/\/sss.trnava.sk\/wp\/wp-content\/uploads\/2025\/08\/DC-Clementisa-c.3-1536x1152.jpg 1536w, https:\/\/sss.trnava.sk\/wp\/wp-content\/uploads\/2025\/08\/DC-Clementisa-c.3-2048x1536.jpg 2048w\" sizes=\"auto, (max-width: 1024px) 100vw, 1024px\" \/><\/a><\/figure>\n\n\n\n<figure class=\"wp-block-image size-large\"><a href=\"https:\/\/sss.trnava.sk\/wp\/wp-content\/uploads\/2025\/08\/DC-Clementisa-c.4-scaled.jpg\"><img loading=\"lazy\" decoding=\"async\" width=\"1024\" height=\"768\" src=\"https:\/\/sss.trnava.sk\/wp\/wp-content\/uploads\/2025\/08\/DC-Clementisa-c.4-1024x768.jpg\" alt=\"\" class=\"wp-image-5482\" srcset=\"https:\/\/sss.trnava.sk\/wp\/wp-content\/uploads\/2025\/08\/DC-Clementisa-c.4-1024x768.jpg 1024w, https:\/\/sss.trnava.sk\/wp\/wp-content\/uploads\/2025\/08\/DC-Clementisa-c.4-300x225.jpg 300w, https:\/\/sss.trnava.sk\/wp\/wp-content\/uploads\/2025\/08\/DC-Clementisa-c.4-768x576.jpg 768w, https:\/\/sss.trnava.sk\/wp\/wp-content\/uploads\/2025\/08\/DC-Clementisa-c.4-1536x1152.jpg 1536w, https:\/\/sss.trnava.sk\/wp\/wp-content\/uploads\/2025\/08\/DC-Clementisa-c.4-2048x1536.jpg 2048w\" sizes=\"auto, (max-width: 1024px) 100vw, 1024px\" \/><\/a><\/figure>\n\n\n\n<figure class=\"wp-block-image size-large\"><a href=\"https:\/\/sss.trnava.sk\/wp\/wp-content\/uploads\/2025\/08\/DC-Clementisa-1-scaled.jpg\"><img loading=\"lazy\" decoding=\"async\" width=\"768\" height=\"1024\" src=\"https:\/\/sss.trnava.sk\/wp\/wp-content\/uploads\/2025\/08\/DC-Clementisa-1-768x1024.jpg\" alt=\"\" class=\"wp-image-5501\" srcset=\"https:\/\/sss.trnava.sk\/wp\/wp-content\/uploads\/2025\/08\/DC-Clementisa-1-768x1024.jpg 768w, https:\/\/sss.trnava.sk\/wp\/wp-content\/uploads\/2025\/08\/DC-Clementisa-1-225x300.jpg 225w, https:\/\/sss.trnava.sk\/wp\/wp-content\/uploads\/2025\/08\/DC-Clementisa-1-1152x1536.jpg 1152w, https:\/\/sss.trnava.sk\/wp\/wp-content\/uploads\/2025\/08\/DC-Clementisa-1-1536x2048.jpg 1536w, https:\/\/sss.trnava.sk\/wp\/wp-content\/uploads\/2025\/08\/DC-Clementisa-1-scaled.jpg 1920w\" sizes=\"auto, (max-width: 768px) 100vw, 768px\" \/><\/a><\/figure>\n\n\n\n<figure class=\"wp-block-image size-large\"><a href=\"https:\/\/sss.trnava.sk\/wp\/wp-content\/uploads\/2025\/08\/Dc-Clementisa-2-scaled.jpg\"><img loading=\"lazy\" decoding=\"async\" width=\"1024\" height=\"768\" src=\"https:\/\/sss.trnava.sk\/wp\/wp-content\/uploads\/2025\/08\/Dc-Clementisa-2-1024x768.jpg\" alt=\"\" class=\"wp-image-5502\" srcset=\"https:\/\/sss.trnava.sk\/wp\/wp-content\/uploads\/2025\/08\/Dc-Clementisa-2-1024x768.jpg 1024w, https:\/\/sss.trnava.sk\/wp\/wp-content\/uploads\/2025\/08\/Dc-Clementisa-2-300x225.jpg 300w, https:\/\/sss.trnava.sk\/wp\/wp-content\/uploads\/2025\/08\/Dc-Clementisa-2-768x576.jpg 768w, https:\/\/sss.trnava.sk\/wp\/wp-content\/uploads\/2025\/08\/Dc-Clementisa-2-1536x1152.jpg 1536w, https:\/\/sss.trnava.sk\/wp\/wp-content\/uploads\/2025\/08\/Dc-Clementisa-2-2048x1536.jpg 2048w\" sizes=\"auto, (max-width: 1024px) 100vw, 1024px\" \/><\/a><\/figure>\n\n\n\n<figure class=\"wp-block-image size-large\"><a href=\"https:\/\/sss.trnava.sk\/wp\/wp-content\/uploads\/2025\/08\/DC-Clementisa-3-scaled.jpg\"><img loading=\"lazy\" decoding=\"async\" width=\"768\" height=\"1024\" src=\"https:\/\/sss.trnava.sk\/wp\/wp-content\/uploads\/2025\/08\/DC-Clementisa-3-768x1024.jpg\" alt=\"\" class=\"wp-image-5503\" srcset=\"https:\/\/sss.trnava.sk\/wp\/wp-content\/uploads\/2025\/08\/DC-Clementisa-3-768x1024.jpg 768w, https:\/\/sss.trnava.sk\/wp\/wp-content\/uploads\/2025\/08\/DC-Clementisa-3-225x300.jpg 225w, https:\/\/sss.trnava.sk\/wp\/wp-content\/uploads\/2025\/08\/DC-Clementisa-3-1152x1536.jpg 1152w, https:\/\/sss.trnava.sk\/wp\/wp-content\/uploads\/2025\/08\/DC-Clementisa-3-1536x2048.jpg 1536w, https:\/\/sss.trnava.sk\/wp\/wp-content\/uploads\/2025\/08\/DC-Clementisa-3-scaled.jpg 1920w\" sizes=\"auto, (max-width: 768px) 100vw, 768px\" \/><\/a><\/figure>\n\n\n\n<figure class=\"wp-block-image size-large\"><a href=\"https:\/\/sss.trnava.sk\/wp\/wp-content\/uploads\/2025\/08\/DC-Clementisa-vylet-VcelovinaSmolenice-scaled.jpg\"><img loading=\"lazy\" decoding=\"async\" width=\"576\" height=\"1024\" src=\"https:\/\/sss.trnava.sk\/wp\/wp-content\/uploads\/2025\/08\/DC-Clementisa-vylet-VcelovinaSmolenice-576x1024.jpg\" alt=\"\" class=\"wp-image-5505\" srcset=\"https:\/\/sss.trnava.sk\/wp\/wp-content\/uploads\/2025\/08\/DC-Clementisa-vylet-VcelovinaSmolenice-576x1024.jpg 576w, https:\/\/sss.trnava.sk\/wp\/wp-content\/uploads\/2025\/08\/DC-Clementisa-vylet-VcelovinaSmolenice-169x300.jpg 169w, https:\/\/sss.trnava.sk\/wp\/wp-content\/uploads\/2025\/08\/DC-Clementisa-vylet-VcelovinaSmolenice-768x1365.jpg 768w, https:\/\/sss.trnava.sk\/wp\/wp-content\/uploads\/2025\/08\/DC-Clementisa-vylet-VcelovinaSmolenice-864x1536.jpg 864w, https:\/\/sss.trnava.sk\/wp\/wp-content\/uploads\/2025\/08\/DC-Clementisa-vylet-VcelovinaSmolenice-1152x2048.jpg 1152w, https:\/\/sss.trnava.sk\/wp\/wp-content\/uploads\/2025\/08\/DC-Clementisa-vylet-VcelovinaSmolenice-scaled.jpg 1440w\" sizes=\"auto, (max-width: 576px) 100vw, 576px\" \/><\/a><\/figure>\n","protected":false},"excerpt":{"rendered":"<p>dc.clementisa@gmail.com N\u00e1\u0161 klub DC sa nach\u00e1dza na s\u00eddlisku Dru\u017eba, v&nbsp;budove&nbsp; &nbsp;malometr\u00e1\u017en\u00fdch&nbsp; &nbsp;bytov. V&nbsp;klube sa stret\u00e1vame dva kr\u00e1t v&nbsp;t\u00fd\u017edni, v\u017edy v&nbsp;utorok a&nbsp;\u0161tvrtok. Od 01.05. do 30.09. od 17 do 19 hodiny. Od 01.10. do 30.04. od 16 do 18 hodiny. V&nbsp;klube &hellip; <a href=\"https:\/\/sss.trnava.sk\/wp\/dc-vl-clementisa-51\/\">Pokra\u010dova\u0165 v \u010d\u00edtan\u00ed <span class=\"meta-nav\">&rarr;<\/span><\/a><\/p>\n","protected":false},"author":13,"featured_media":0,"parent":0,"menu_order":0,"comment_status":"closed","ping_status":"closed","template":"","meta":{"footnotes":""},"class_list":["post-2692","page","type-page","status-publish","hentry"],"_links":{"self":[{"href":"https:\/\/sss.trnava.sk\/wp\/wp-json\/wp\/v2\/pages\/2692","targetHints":{"allow":["GET"]}}],"collection":[{"href":"https:\/\/sss.trnava.sk\/wp\/wp-json\/wp\/v2\/pages"}],"about":[{"href":"https:\/\/sss.trnava.sk\/wp\/wp-json\/wp\/v2\/types\/page"}],"author":[{"embeddable":true,"href":"https:\/\/sss.trnava.sk\/wp\/wp-json\/wp\/v2\/users\/13"}],"replies":[{"embeddable":true,"href":"https:\/\/sss.trnava.sk\/wp\/wp-json\/wp\/v2\/comments?post=2692"}],"version-history":[{"count":17,"href":"https:\/\/sss.trnava.sk\/wp\/wp-json\/wp\/v2\/pages\/2692\/revisions"}],"predecessor-version":[{"id":5506,"href":"https:\/\/sss.trnava.sk\/wp\/wp-json\/wp\/v2\/pages\/2692\/revisions\/5506"}],"wp:attachment":[{"href":"https:\/\/sss.trnava.sk\/wp\/wp-json\/wp\/v2\/media?parent=2692"}],"curies":[{"name":"wp","href":"https:\/\/api.w.org\/{rel}","templated":true}]}}